{"id":289,"date":"2023-03-13T09:36:03","date_gmt":"2023-03-13T09:36:03","guid":{"rendered":"https:\/\/feriaempleogranada.org\/?page_id=289"},"modified":"2023-03-23T08:04:35","modified_gmt":"2023-03-23T08:04:35","slug":"aviso-legal","status":"publish","type":"page","link":"https:\/\/feriaempleogranada.org\/en\/aviso-legal\/","title":{"rendered":"Terms of Use"},"content":{"rendered":"<p>This Website is a creation of the Granada institutions that are part of the Declaration for<br>Employment in Granada (hereinafter, the organizing institutions) intended to provide information<br>about its content and services, as well as to offer a<br>communication channel between participating companies, visitors, event participants, organizers,<br>etc.<\/p>\n\n\n\n<h2 class=\"wp-block-heading\">Website ownership.<\/h2>\n\n\n\n<p>The domain name https:\/\/www.feriaempleogranada.org is<br>registered in favor of the Official Chamber of Commerce, Industry, Services, and Navigation of Granada,<br>The domain name https:\/\/www.feriaempleogranada.org is registered in the name of the Official Chamber of Commerce, Industry, Services, and Navigation of Granada, with tax ID Q1873001J and registered office at C\/ Luis Amador no 26, 18014 Granada. Contact<br>phone +34 958 53 61 52.<\/p>\n\n\n\n<h2 class=\"wp-block-heading\">Website intellectual property.<\/h2>\n\n\n\n<p class=\"translation-block\">All intellectual property rights of the content of<br>this website and its graphic design are the exclusive property of the organizing institutions, who<br>hold the exclusive rights to exploit them.<br>Therefore, their reproduction, distribution, public communication, and<br>transformation, in whole or in part, is prohibited without the express authorization of the organizing institutions.<br>Likewise, all distinctive signs, trademarks, trade names, or signs of any kind<br>contained on this website are protected by law.<\/p>\n\n\n\n<h2 class=\"wp-block-heading\">Website content and links. <\/h2>\n\n\n\n<p class=\"translation-block\">The organizing institutions are not responsible for the misuse of the content on their website, which is the sole responsibility of the person who accesses and\/or uses it. They also assume no responsibility for the information contained on third-party websites that can be accessed through links from the page https:\/\/www.feriaempleogranada.org.<\/p>\n\n\n\n<p class=\"translation-block\">The presence of these links is for informational purposes only and does not constitute, under any circumstances, an invitation to purchase products or services offered on the destination website.<\/p>\n\n\n\n<p class=\"translation-block\">In the event that the organizing institutions become effectively aware that the activity or information sent from these links is illegal, constitutes a crime, or could harm the property or rights of third parties eligible for compensation, they will act with the necessary diligence to remove or disable the corresponding link as quickly as possible.<\/p>\n\n\n\n<h2 class=\"wp-block-heading\">Update and modification of the website. <\/h2>\n\n\n\n<p>Las instituciones organizadoras se reservan el<br>derecho de actualizar, modificar o eliminar la informaci\u00f3n contenida en su p\u00e1gina web y su<br>configuraci\u00f3n o presentaci\u00f3n en cualquier momento, sin previo aviso y sin asumir ninguna<br>responsabilidad para hacerlo.<\/p>\n\n\n\n<h2 class=\"wp-block-heading\">Instructions on technical aspects. <\/h2>\n\n\n\n<p class=\"translation-block\">The organizing institutions assume no responsibility for any issues that may arise from technical problems or errors in computer equipment, not attributable to the organizing institutions, that occur during Internet connection, or that may be caused by third parties through unauthorized intrusions beyond their control.\n\nThe organizing institutions do not guarantee the absence of viruses or other elements that may cause damage to computer systems, electronic documents, or user files on this website or on third-party websites, and therefore are not responsible for any damages that may result from these causes.\n\nThey are also exempt from all responsibility for any damage or harm the user may suffer as a result of errors, defects, or omissions in the information provided when it comes from third-party sources.<\/p>\n\n\n\n<h2 class=\"wp-block-heading\">Processing of the user's data. <\/h2>\n\n\n\n<p class=\"translation-block\">Without prejudice to what is provided in each of the forms on the website, when the user provides their personal data, they are expressly authorizing the organizing institutions to process their Personal Data automatically for the purpose indicated in the forms. Only the data strictly necessary for the purpose of each form will be requested, kept for the prescribed period, and accessible only to authorized persons. The organizing institutions will not transfer or disclose the collected data to third parties without the user's consent. The user may exercise their rights of access,<\/p>\n\n\n\n<p class=\"translation-block\">rectification, cancellation, or opposition through a request addressed to any of the organizing institutions.<\/p>\n\n\n\n<h2 class=\"wp-block-heading\">Applicable legislation and jurisdiction. <\/h2>\n\n\n\n<p class=\"translation-block\">As a general rule, relationships with users arising from the provision of the services contained on this website are subject to Spanish law and jurisdiction. Users of this website are aware of all the above and accept it voluntarily.<\/p>","protected":false},"excerpt":{"rendered":"<p>Este Sitio Web es una creaci\u00f3n de las instituciones granadinas que integran la Declaraci\u00f3n por elempleo en Granada (en adelante, las instituciones organizadoras) destinada a ofrecer informaci\u00f3na las personas usuarias del mismo sobre sus contenidos y servicios, as\u00ed como ofrecer un canal decomunicaci\u00f3n entre empresas participantes, visitantes, participantes en eventos, organizadores,etc. Titularidad de la p\u00e1gina [&hellip;]<\/p>","protected":false},"author":1,"featured_media":0,"parent":0,"menu_order":3,"comment_status":"closed","ping_status":"closed","template":"","meta":{"footnotes":""},"class_list":["post-289","page","type-page","status-publish","hentry"],"yoast_head":"<!-- This site is optimized with the Yoast SEO plugin v27.6 - https:\/\/yoast.com\/product\/yoast-seo-wordpress\/ -->\n<title>Aviso Legal - Feria Internacional de Empleo de Granada<\/title>\n<meta name=\"robots\" content=\"index, follow, max-snippet:-1, max-image-preview:large, max-video-preview:-1\" \/>\n<link rel=\"canonical\" href=\"https:\/\/feriaempleogranada.org\/en\/aviso-legal\/\" \/>\n<meta property=\"og:locale\" content=\"en_GB\" \/>\n<meta property=\"og:type\" content=\"article\" \/>\n<meta property=\"og:title\" content=\"Aviso Legal - Feria Internacional de Empleo de Granada\" \/>\n<meta property=\"og:description\" content=\"Este Sitio Web es una creaci\u00f3n de las instituciones granadinas que integran la Declaraci\u00f3n por elempleo en Granada (en adelante, las instituciones organizadoras) destinada a ofrecer informaci\u00f3na las personas usuarias del mismo sobre sus contenidos y servicios, as\u00ed como ofrecer un canal decomunicaci\u00f3n entre empresas participantes, visitantes, participantes en eventos, organizadores,etc. Titularidad de la p\u00e1gina [&hellip;]\" \/>\n<meta property=\"og:url\" content=\"https:\/\/feriaempleogranada.org\/en\/aviso-legal\/\" \/>\n<meta property=\"og:site_name\" content=\"Feria Internacional de Empleo de Granada\" \/>\n<meta property=\"article:modified_time\" content=\"2023-03-23T08:04:35+00:00\" \/>\n<meta name=\"twitter:card\" content=\"summary_large_image\" \/>\n<meta name=\"twitter:label1\" content=\"Estimated reading time\" \/>\n\t<meta name=\"twitter:data1\" content=\"4 minutes\" \/>\n<script type=\"application\/ld+json\" class=\"yoast-schema-graph\">{\"@context\":\"https:\\\/\\\/schema.org\",\"@graph\":[{\"@type\":\"WebPage\",\"@id\":\"https:\\\/\\\/feriaempleogranada.org\\\/aviso-legal\\\/\",\"url\":\"https:\\\/\\\/feriaempleogranada.org\\\/aviso-legal\\\/\",\"name\":\"Aviso Legal - Feria Internacional de Empleo de Granada\",\"isPartOf\":{\"@id\":\"https:\\\/\\\/feriaempleogranada.org\\\/#website\"},\"datePublished\":\"2023-03-13T09:36:03+00:00\",\"dateModified\":\"2023-03-23T08:04:35+00:00\",\"breadcrumb\":{\"@id\":\"https:\\\/\\\/feriaempleogranada.org\\\/aviso-legal\\\/#breadcrumb\"},\"inLanguage\":\"en-GB\",\"potentialAction\":[{\"@type\":\"ReadAction\",\"target\":[\"https:\\\/\\\/feriaempleogranada.org\\\/aviso-legal\\\/\"]}]},{\"@type\":\"BreadcrumbList\",\"@id\":\"https:\\\/\\\/feriaempleogranada.org\\\/aviso-legal\\\/#breadcrumb\",\"itemListElement\":[{\"@type\":\"ListItem\",\"position\":1,\"name\":\"Portada\",\"item\":\"https:\\\/\\\/feriaempleogranada.org\\\/\"},{\"@type\":\"ListItem\",\"position\":2,\"name\":\"Aviso Legal\"}]},{\"@type\":\"WebSite\",\"@id\":\"https:\\\/\\\/feriaempleogranada.org\\\/#website\",\"url\":\"https:\\\/\\\/feriaempleogranada.org\\\/\",\"name\":\"Feria Internacional de Empleo de Granada\",\"description\":\"Meeting Point - Feria de Empleo\",\"publisher\":{\"@id\":\"https:\\\/\\\/feriaempleogranada.org\\\/#organization\"},\"potentialAction\":[{\"@type\":\"SearchAction\",\"target\":{\"@type\":\"EntryPoint\",\"urlTemplate\":\"https:\\\/\\\/feriaempleogranada.org\\\/?s={search_term_string}\"},\"query-input\":{\"@type\":\"PropertyValueSpecification\",\"valueRequired\":true,\"valueName\":\"search_term_string\"}}],\"inLanguage\":\"en-GB\"},{\"@type\":\"Organization\",\"@id\":\"https:\\\/\\\/feriaempleogranada.org\\\/#organization\",\"name\":\"Feria Internacional de Empleo de Granada\",\"url\":\"https:\\\/\\\/feriaempleogranada.org\\\/\",\"logo\":{\"@type\":\"ImageObject\",\"inLanguage\":\"en-GB\",\"@id\":\"https:\\\/\\\/feriaempleogranada.org\\\/#\\\/schema\\\/logo\\\/image\\\/\",\"url\":\"https:\\\/\\\/feriaempleogranada.org\\\/wp-content\\\/uploads\\\/2024\\\/11\\\/cropped-FIEG_LOGO.png\",\"contentUrl\":\"https:\\\/\\\/feriaempleogranada.org\\\/wp-content\\\/uploads\\\/2024\\\/11\\\/cropped-FIEG_LOGO.png\",\"width\":512,\"height\":512,\"caption\":\"Feria Internacional de Empleo de Granada\"},\"image\":{\"@id\":\"https:\\\/\\\/feriaempleogranada.org\\\/#\\\/schema\\\/logo\\\/image\\\/\"}}]}<\/script>\n<!-- \/ Yoast SEO plugin. -->","yoast_head_json":{"title":"Aviso Legal - Feria Internacional de Empleo de Granada","robots":{"index":"index","follow":"follow","max-snippet":"max-snippet:-1","max-image-preview":"max-image-preview:large","max-video-preview":"max-video-preview:-1"},"canonical":"https:\/\/feriaempleogranada.org\/en\/aviso-legal\/","og_locale":"en_GB","og_type":"article","og_title":"Aviso Legal - Feria Internacional de Empleo de Granada","og_description":"Este Sitio Web es una creaci\u00f3n de las instituciones granadinas que integran la Declaraci\u00f3n por elempleo en Granada (en adelante, las instituciones organizadoras) destinada a ofrecer informaci\u00f3na las personas usuarias del mismo sobre sus contenidos y servicios, as\u00ed como ofrecer un canal decomunicaci\u00f3n entre empresas participantes, visitantes, participantes en eventos, organizadores,etc. Titularidad de la p\u00e1gina [&hellip;]","og_url":"https:\/\/feriaempleogranada.org\/en\/aviso-legal\/","og_site_name":"Feria Internacional de Empleo de Granada","article_modified_time":"2023-03-23T08:04:35+00:00","twitter_card":"summary_large_image","twitter_misc":{"Estimated reading time":"4 minutes"},"schema":{"@context":"https:\/\/schema.org","@graph":[{"@type":"WebPage","@id":"https:\/\/feriaempleogranada.org\/aviso-legal\/","url":"https:\/\/feriaempleogranada.org\/aviso-legal\/","name":"Aviso Legal - Feria Internacional de Empleo de Granada","isPartOf":{"@id":"https:\/\/feriaempleogranada.org\/#website"},"datePublished":"2023-03-13T09:36:03+00:00","dateModified":"2023-03-23T08:04:35+00:00","breadcrumb":{"@id":"https:\/\/feriaempleogranada.org\/aviso-legal\/#breadcrumb"},"inLanguage":"en-GB","potentialAction":[{"@type":"ReadAction","target":["https:\/\/feriaempleogranada.org\/aviso-legal\/"]}]},{"@type":"BreadcrumbList","@id":"https:\/\/feriaempleogranada.org\/aviso-legal\/#breadcrumb","itemListElement":[{"@type":"ListItem","position":1,"name":"Portada","item":"https:\/\/feriaempleogranada.org\/"},{"@type":"ListItem","position":2,"name":"Aviso Legal"}]},{"@type":"WebSite","@id":"https:\/\/feriaempleogranada.org\/#website","url":"https:\/\/feriaempleogranada.org\/","name":"Feria Internacional de Empleo de Granada","description":"Meeting Point - Feria de Empleo","publisher":{"@id":"https:\/\/feriaempleogranada.org\/#organization"},"potentialAction":[{"@type":"SearchAction","target":{"@type":"EntryPoint","urlTemplate":"https:\/\/feriaempleogranada.org\/?s={search_term_string}"},"query-input":{"@type":"PropertyValueSpecification","valueRequired":true,"valueName":"search_term_string"}}],"inLanguage":"en-GB"},{"@type":"Organization","@id":"https:\/\/feriaempleogranada.org\/#organization","name":"Feria Internacional de Empleo de Granada","url":"https:\/\/feriaempleogranada.org\/","logo":{"@type":"ImageObject","inLanguage":"en-GB","@id":"https:\/\/feriaempleogranada.org\/#\/schema\/logo\/image\/","url":"https:\/\/feriaempleogranada.org\/wp-content\/uploads\/2024\/11\/cropped-FIEG_LOGO.png","contentUrl":"https:\/\/feriaempleogranada.org\/wp-content\/uploads\/2024\/11\/cropped-FIEG_LOGO.png","width":512,"height":512,"caption":"Feria Internacional de Empleo de Granada"},"image":{"@id":"https:\/\/feriaempleogranada.org\/#\/schema\/logo\/image\/"}}]}},"_links":{"self":[{"href":"https:\/\/feriaempleogranada.org\/en\/wp-json\/wp\/v2\/pages\/289","targetHints":{"allow":["GET"]}}],"collection":[{"href":"https:\/\/feriaempleogranada.org\/en\/wp-json\/wp\/v2\/pages"}],"about":[{"href":"https:\/\/feriaempleogranada.org\/en\/wp-json\/wp\/v2\/types\/page"}],"author":[{"embeddable":true,"href":"https:\/\/feriaempleogranada.org\/en\/wp-json\/wp\/v2\/users\/1"}],"replies":[{"embeddable":true,"href":"https:\/\/feriaempleogranada.org\/en\/wp-json\/wp\/v2\/comments?post=289"}],"version-history":[{"count":2,"href":"https:\/\/feriaempleogranada.org\/en\/wp-json\/wp\/v2\/pages\/289\/revisions"}],"predecessor-version":[{"id":535,"href":"https:\/\/feriaempleogranada.org\/en\/wp-json\/wp\/v2\/pages\/289\/revisions\/535"}],"wp:attachment":[{"href":"https:\/\/feriaempleogranada.org\/en\/wp-json\/wp\/v2\/media?parent=289"}],"curies":[{"name":"wp","href":"https:\/\/api.w.org\/{rel}","templated":true}]}}