{"id":294,"date":"2023-03-13T09:37:19","date_gmt":"2023-03-13T09:37:19","guid":{"rendered":"https:\/\/feriaempleogranada.org\/?page_id=294"},"modified":"2026-02-17T13:33:53","modified_gmt":"2026-02-17T12:33:53","slug":"politica-de-cookies","status":"publish","type":"page","link":"https:\/\/feriaempleogranada.org\/en\/politica-de-cookies\/","title":{"rendered":"Cookies"},"content":{"rendered":"<div data-elementor-type=\"wp-page\" data-elementor-id=\"294\" class=\"elementor elementor-294\" data-elementor-post-type=\"page\">\n\t\t\t\t\t\t<section class=\"elementor-section elementor-top-section elementor-element elementor-element-68568a50 elementor-section-boxed elementor-section-height-default elementor-section-height-default\" data-id=\"68568a50\" data-element_type=\"section\" data-e-type=\"section\" data-settings=\"{&quot;jet_parallax_layout_list&quot;:[]}\">\n\t\t\t\t\t\t<div class=\"elementor-container elementor-column-gap-default\">\n\t\t\t\t\t<div class=\"elementor-column elementor-col-100 elementor-top-column elementor-element elementor-element-44da9f68\" data-id=\"44da9f68\" data-element_type=\"column\" data-e-type=\"column\">\n\t\t\t<div class=\"elementor-widget-wrap elementor-element-populated\">\n\t\t\t\t\t\t<div class=\"elementor-element elementor-element-1ecfc0fa elementor-widget__width-initial elementor-widget elementor-widget-text-editor\" data-id=\"1ecfc0fa\" data-element_type=\"widget\" data-e-type=\"widget\" data-widget_type=\"text-editor.default\">\n\t\t\t\t<div class=\"elementor-widget-container\">\n\t\t\t\t\t\t\t\t\t<p>This Cookie Policy applies to citizens and legal permanent residents of the European Economic Area and Switzerland.<\/p>\n<ol>\n<li class=\"translation-block\">Introduction\nOur website, https:\/\/feriaempleogranada.org (hereinafter: \"the website\"), uses cookies and other related technologies (for convenience, all technologies are referred to as \"cookies\"). Cookies are also placed by third parties we have engaged. In the following document, we inform you about the use of cookies on our website.<\/li>\n<li class=\"translation-block\">What are cookies?<br>A cookie is a small, simple file that is sent along with pages of this website and stored by your browser on the hard drive of your computer or other device. The information stored in it can be returned to our servers or to the servers of the relevant third parties during a subsequent visit.<\/li>\n<li>What are scripts?<br \/>A script is a piece of program code used to make our website function properly and interactively. This code runs on our server or on your device.<\/li>\n<li class=\"translation-block\">What is a web beacon?\nA web beacon (or pixel tag) is a small, invisible piece of text or image on a website used to monitor website traffic. To do this, various data about you is stored using web beacons.<\/li>\n<li>Some cookies ensure that certain parts of the website function correctly and that your user preferences are remembered. By placing functional cookies, we make it easier for you to visit our website. This way, you don't need to repeatedly enter the same information when you visit our website, and, for example, items remain in your shopping cart until you have checked out. We can place these cookies without your consent.<\/li>\n<li>Some cookies ensure that certain parts of the website function correctly and that your user preferences are remembered. By placing functional cookies, we make it easier for you to visit our website. This way, you don't need to repeatedly enter the same information when you visit our website, and, for example, items remain in your shopping cart until you have checked out. We can place these cookies without your consent.\u00a0\n<ul>\n<li>Manage your consent settings. Functional. Always on.<\/li>\n<\/ul>\n<\/li>\n<li class=\"translation-block\">Enabling\/Disabling and Deleting Cookies<br>You can use your internet browser to delete cookies automatically or manually. You can also specify that certain cookies should not be placed. Another option is to change your internet browser settings so that you receive a message each time a cookie is placed. For more information about these options, see the instructions in your browser's Help section.<\/li>\n<li>Your rights regarding personal data.<br \/>Your rights regarding personal data<br>You have the following rights regarding your personal data:\n<ul>\n<li class=\"translation-block\">You have the right to know why your personal data is needed, what will happen to it, and how long it will be kept.<br>Right of access: You have the right to access your personal data that we hold.<br>Right to rectification: You have the right to have your personal data supplemented, corrected, deleted, or blocked at any time.<br>If you have given us your consent to process your data, you have the right to withdraw that consent and have your personal data deleted.<br>Right to data portability: You have the right to request all your personal data from the controller and transfer it in full to another controller.<br>Right to object: You can object to the processing of your data. We will comply with this unless there are compelling legitimate grounds for the processing.<br>To exercise these rights, please contact us. See the contact details at the bottom of this Cookie Policy. If you have a complaint about how we handle your data, we would like to hear from you, but you also have the right to lodge a complaint with the supervisory authority (the Data Protection Authority).<\/li>\n<\/ul>\n<\/li>\n<\/ol>\n<p><!-- \/wp:paragraph --><!-- wp:list {\"ordered\":true} --><\/p>\n<ol>\n<li style=\"list-style-type: none;\">\n<ol><!-- wp:list-item --><\/ol>\n<\/li>\n<\/ol>\n<ol>\n<li style=\"list-style-type: none;\">\u00a0<\/li>\n<\/ol>\n<p><!-- \/wp:paragraph --><!-- wp:list {\"ordered\":true,\"start\":8} --><\/p>\n<ol start=\"8\">\n<li style=\"list-style-type: none;\">\n<ol start=\"8\"><!-- wp:list-item --><\/ol>\n<\/li>\n<\/ol>\n<ol start=\"8\">\n<li style=\"list-style-type: none;\">\u00a0<\/li>\n<\/ol>\n<p><!-- \/wp:paragraph --><!-- wp:list {\"ordered\":true,\"start\":9} --><\/p>\n<ol start=\"9\">\n<li style=\"list-style-type: none;\">\n<ol start=\"9\"><!-- wp:list-item --><\/ol>\n<\/li>\n<\/ol>\n<ol start=\"9\">\n<li style=\"list-style-type: none;\">\u00a0<\/li>\n<\/ol>\n<ol>\n<li style=\"list-style-type: none;\">\n<ol>\n<li style=\"list-style-type: none;\">\u00a0<\/li>\n<\/ol>\n<\/li>\n<\/ol>\n<p><!-- \/wp:paragraph --><\/p>\t\t\t\t\t\t\t\t<\/div>\n\t\t\t\t<\/div>\n\t\t\t\t\t<\/div>\n\t\t<\/div>\n\t\t\t\t\t<\/div>\n\t\t<\/section>\n\t\t\t\t<\/div>","protected":false},"excerpt":{"rendered":"<p>Esta Pol\u00edtica de cookies se aplica a ciudadanos y residentes permanentes legales del Espacio Econ\u00f3mico Europeo y Suiza. Introducci\u00f3nNuestro sitio web, https:\/\/feriaempleogranada.org (en adelante: \u00abel sitio web\u00bb) utiliza cookies y otras tecnolog\u00edas relacionadas (por conveniencia, todas las tecnolog\u00edas se denominan \u00abcookies\u00bb). Las cookies tambi\u00e9n son colocadas por terceros que hemos contratado. En el siguiente documento [&hellip;]<\/p>","protected":false},"author":1,"featured_media":0,"parent":0,"menu_order":8,"comment_status":"closed","ping_status":"closed","template":"","meta":{"footnotes":""},"class_list":["post-294","page","type-page","status-publish","hentry"],"yoast_head":"<!-- This site is optimized with the Yoast SEO plugin v27.6 - https:\/\/yoast.com\/product\/yoast-seo-wordpress\/ -->\n<title>Pol\u00edtica de Cookies - Feria Internacional de Empleo de Granada<\/title>\n<meta name=\"robots\" content=\"index, follow, max-snippet:-1, max-image-preview:large, max-video-preview:-1\" \/>\n<link rel=\"canonical\" href=\"https:\/\/feriaempleogranada.org\/en\/politica-de-cookies\/\" \/>\n<meta property=\"og:locale\" content=\"en_GB\" \/>\n<meta property=\"og:type\" content=\"article\" \/>\n<meta property=\"og:title\" content=\"Pol\u00edtica de Cookies - Feria Internacional de Empleo de Granada\" \/>\n<meta property=\"og:description\" content=\"Esta Pol\u00edtica de cookies se aplica a ciudadanos y residentes permanentes legales del Espacio Econ\u00f3mico Europeo y Suiza. Introducci\u00f3nNuestro sitio web, https:\/\/feriaempleogranada.org (en adelante: \u00abel sitio web\u00bb) utiliza cookies y otras tecnolog\u00edas relacionadas (por conveniencia, todas las tecnolog\u00edas se denominan \u00abcookies\u00bb). Las cookies tambi\u00e9n son colocadas por terceros que hemos contratado. En el siguiente documento [&hellip;]\" \/>\n<meta property=\"og:url\" content=\"https:\/\/feriaempleogranada.org\/en\/politica-de-cookies\/\" \/>\n<meta property=\"og:site_name\" content=\"Feria Internacional de Empleo de Granada\" \/>\n<meta property=\"article:modified_time\" content=\"2026-02-17T12:33:53+00:00\" \/>\n<meta name=\"twitter:card\" content=\"summary_large_image\" \/>\n<meta name=\"twitter:label1\" content=\"Estimated reading time\" \/>\n\t<meta name=\"twitter:data1\" content=\"4 minutes\" \/>\n<script type=\"application\/ld+json\" class=\"yoast-schema-graph\">{\"@context\":\"https:\\\/\\\/schema.org\",\"@graph\":[{\"@type\":\"WebPage\",\"@id\":\"https:\\\/\\\/feriaempleogranada.org\\\/politica-de-cookies\\\/\",\"url\":\"https:\\\/\\\/feriaempleogranada.org\\\/politica-de-cookies\\\/\",\"name\":\"Pol\u00edtica de Cookies - Feria Internacional de Empleo de Granada\",\"isPartOf\":{\"@id\":\"https:\\\/\\\/feriaempleogranada.org\\\/#website\"},\"datePublished\":\"2023-03-13T09:37:19+00:00\",\"dateModified\":\"2026-02-17T12:33:53+00:00\",\"breadcrumb\":{\"@id\":\"https:\\\/\\\/feriaempleogranada.org\\\/politica-de-cookies\\\/#breadcrumb\"},\"inLanguage\":\"en-GB\",\"potentialAction\":[{\"@type\":\"ReadAction\",\"target\":[\"https:\\\/\\\/feriaempleogranada.org\\\/politica-de-cookies\\\/\"]}]},{\"@type\":\"BreadcrumbList\",\"@id\":\"https:\\\/\\\/feriaempleogranada.org\\\/politica-de-cookies\\\/#breadcrumb\",\"itemListElement\":[{\"@type\":\"ListItem\",\"position\":1,\"name\":\"Portada\",\"item\":\"https:\\\/\\\/feriaempleogranada.org\\\/\"},{\"@type\":\"ListItem\",\"position\":2,\"name\":\"Pol\u00edtica de Cookies\"}]},{\"@type\":\"WebSite\",\"@id\":\"https:\\\/\\\/feriaempleogranada.org\\\/#website\",\"url\":\"https:\\\/\\\/feriaempleogranada.org\\\/\",\"name\":\"Feria Internacional de Empleo de Granada\",\"description\":\"Meeting Point - Feria de Empleo\",\"publisher\":{\"@id\":\"https:\\\/\\\/feriaempleogranada.org\\\/#organization\"},\"potentialAction\":[{\"@type\":\"SearchAction\",\"target\":{\"@type\":\"EntryPoint\",\"urlTemplate\":\"https:\\\/\\\/feriaempleogranada.org\\\/?s={search_term_string}\"},\"query-input\":{\"@type\":\"PropertyValueSpecification\",\"valueRequired\":true,\"valueName\":\"search_term_string\"}}],\"inLanguage\":\"en-GB\"},{\"@type\":\"Organization\",\"@id\":\"https:\\\/\\\/feriaempleogranada.org\\\/#organization\",\"name\":\"Feria Internacional de Empleo de Granada\",\"url\":\"https:\\\/\\\/feriaempleogranada.org\\\/\",\"logo\":{\"@type\":\"ImageObject\",\"inLanguage\":\"en-GB\",\"@id\":\"https:\\\/\\\/feriaempleogranada.org\\\/#\\\/schema\\\/logo\\\/image\\\/\",\"url\":\"https:\\\/\\\/feriaempleogranada.org\\\/wp-content\\\/uploads\\\/2024\\\/11\\\/cropped-FIEG_LOGO.png\",\"contentUrl\":\"https:\\\/\\\/feriaempleogranada.org\\\/wp-content\\\/uploads\\\/2024\\\/11\\\/cropped-FIEG_LOGO.png\",\"width\":512,\"height\":512,\"caption\":\"Feria Internacional de Empleo de Granada\"},\"image\":{\"@id\":\"https:\\\/\\\/feriaempleogranada.org\\\/#\\\/schema\\\/logo\\\/image\\\/\"}}]}<\/script>\n<!-- \/ Yoast SEO plugin. -->","yoast_head_json":{"title":"Pol\u00edtica de Cookies - Feria Internacional de Empleo de Granada","robots":{"index":"index","follow":"follow","max-snippet":"max-snippet:-1","max-image-preview":"max-image-preview:large","max-video-preview":"max-video-preview:-1"},"canonical":"https:\/\/feriaempleogranada.org\/en\/politica-de-cookies\/","og_locale":"en_GB","og_type":"article","og_title":"Pol\u00edtica de Cookies - Feria Internacional de Empleo de Granada","og_description":"Esta Pol\u00edtica de cookies se aplica a ciudadanos y residentes permanentes legales del Espacio Econ\u00f3mico Europeo y Suiza. Introducci\u00f3nNuestro sitio web, https:\/\/feriaempleogranada.org (en adelante: \u00abel sitio web\u00bb) utiliza cookies y otras tecnolog\u00edas relacionadas (por conveniencia, todas las tecnolog\u00edas se denominan \u00abcookies\u00bb). Las cookies tambi\u00e9n son colocadas por terceros que hemos contratado. En el siguiente documento [&hellip;]","og_url":"https:\/\/feriaempleogranada.org\/en\/politica-de-cookies\/","og_site_name":"Feria Internacional de Empleo de Granada","article_modified_time":"2026-02-17T12:33:53+00:00","twitter_card":"summary_large_image","twitter_misc":{"Estimated reading time":"4 minutes"},"schema":{"@context":"https:\/\/schema.org","@graph":[{"@type":"WebPage","@id":"https:\/\/feriaempleogranada.org\/politica-de-cookies\/","url":"https:\/\/feriaempleogranada.org\/politica-de-cookies\/","name":"Pol\u00edtica de Cookies - Feria Internacional de Empleo de Granada","isPartOf":{"@id":"https:\/\/feriaempleogranada.org\/#website"},"datePublished":"2023-03-13T09:37:19+00:00","dateModified":"2026-02-17T12:33:53+00:00","breadcrumb":{"@id":"https:\/\/feriaempleogranada.org\/politica-de-cookies\/#breadcrumb"},"inLanguage":"en-GB","potentialAction":[{"@type":"ReadAction","target":["https:\/\/feriaempleogranada.org\/politica-de-cookies\/"]}]},{"@type":"BreadcrumbList","@id":"https:\/\/feriaempleogranada.org\/politica-de-cookies\/#breadcrumb","itemListElement":[{"@type":"ListItem","position":1,"name":"Portada","item":"https:\/\/feriaempleogranada.org\/"},{"@type":"ListItem","position":2,"name":"Pol\u00edtica de Cookies"}]},{"@type":"WebSite","@id":"https:\/\/feriaempleogranada.org\/#website","url":"https:\/\/feriaempleogranada.org\/","name":"Feria Internacional de Empleo de Granada","description":"Meeting Point - Feria de Empleo","publisher":{"@id":"https:\/\/feriaempleogranada.org\/#organization"},"potentialAction":[{"@type":"SearchAction","target":{"@type":"EntryPoint","urlTemplate":"https:\/\/feriaempleogranada.org\/?s={search_term_string}"},"query-input":{"@type":"PropertyValueSpecification","valueRequired":true,"valueName":"search_term_string"}}],"inLanguage":"en-GB"},{"@type":"Organization","@id":"https:\/\/feriaempleogranada.org\/#organization","name":"Feria Internacional de Empleo de Granada","url":"https:\/\/feriaempleogranada.org\/","logo":{"@type":"ImageObject","inLanguage":"en-GB","@id":"https:\/\/feriaempleogranada.org\/#\/schema\/logo\/image\/","url":"https:\/\/feriaempleogranada.org\/wp-content\/uploads\/2024\/11\/cropped-FIEG_LOGO.png","contentUrl":"https:\/\/feriaempleogranada.org\/wp-content\/uploads\/2024\/11\/cropped-FIEG_LOGO.png","width":512,"height":512,"caption":"Feria Internacional de Empleo de Granada"},"image":{"@id":"https:\/\/feriaempleogranada.org\/#\/schema\/logo\/image\/"}}]}},"_links":{"self":[{"href":"https:\/\/feriaempleogranada.org\/en\/wp-json\/wp\/v2\/pages\/294","targetHints":{"allow":["GET"]}}],"collection":[{"href":"https:\/\/feriaempleogranada.org\/en\/wp-json\/wp\/v2\/pages"}],"about":[{"href":"https:\/\/feriaempleogranada.org\/en\/wp-json\/wp\/v2\/types\/page"}],"author":[{"embeddable":true,"href":"https:\/\/feriaempleogranada.org\/en\/wp-json\/wp\/v2\/users\/1"}],"replies":[{"embeddable":true,"href":"https:\/\/feriaempleogranada.org\/en\/wp-json\/wp\/v2\/comments?post=294"}],"version-history":[{"count":13,"href":"https:\/\/feriaempleogranada.org\/en\/wp-json\/wp\/v2\/pages\/294\/revisions"}],"predecessor-version":[{"id":3021,"href":"https:\/\/feriaempleogranada.org\/en\/wp-json\/wp\/v2\/pages\/294\/revisions\/3021"}],"wp:attachment":[{"href":"https:\/\/feriaempleogranada.org\/en\/wp-json\/wp\/v2\/media?parent=294"}],"curies":[{"name":"wp","href":"https:\/\/api.w.org\/{rel}","templated":true}]}}