{"id":3,"date":"2022-11-17T08:45:19","date_gmt":"2022-11-17T08:45:19","guid":{"rendered":"https:\/\/feriaempleogranada.org\/?page_id=3"},"modified":"2023-03-23T07:53:45","modified_gmt":"2023-03-23T07:53:45","slug":"politica-privacidad","status":"publish","type":"page","link":"https:\/\/feriaempleogranada.org\/en\/politica-privacidad\/","title":{"rendered":"Privacy Policy"},"content":{"rendered":"<p>This Website is a creation of the Granada institutions that are part of the Declaration for<br>Employment in Granada (hereinafter, the organizing institutions) intended to provide information<br>about its content and services, as well as to offer a<br>communication channel between participating companies, visitors, event participants, organizers,<br>etc.<\/p>\n\n\n\n<p class=\"translation-block\">In accordance with the General Data Protection Regulation of the European Union and Organic Law 3\/2018, of December 5, on the Protection of Personal Data and the guarantee of digital rights, any citizen who provides personal data to the organizing institutions through this website is informed that the processing of their data is carried out by the organizing institutions.<\/p>\n\n\n\n<p class=\"translation-block\">This website does not collect personal data from users without legal basis, nor is it shared with third parties, except as legally required. The website contains links to third-party websites whose privacy policies are independent of this one. When accessing these websites, you can decide whether to accept their privacy policies.<\/p>\n\n\n\n<h1 class=\"wp-block-heading\">Basic information on data protection:<\/h1>\n\n\n\n<h2 class=\"wp-block-heading\">Data Controller<\/h2>\n\n\n\n<p class=\"translation-block\">Personal data that may be collected directly from the interested party\nwill be treated confidentially and will be incorporated into the corresponding processing activity, owned by the organizing institutions.<\/p>\n\n\n\n<h2 class=\"wp-block-heading\">Purpose<\/h2>\n\n\n\n<p class=\"translation-block\">The purpose of the data processing corresponds to that expressed in each of the processing activities carried out by the organizing institutions.<\/p>\n\n\n\n<h2 class=\"wp-block-heading\">Legitimation<\/h2>\n\n\n\n<p class=\"translation-block\">Your data is processed to comply with legal obligations of the organizing institutions, to fulfill missions carried out in the public interest, or in the exercise of public powers conferred upon them. When the purpose of the processing requires your consent, it must be given through a clear affirmative action.<\/p>\n\n\n\n<h2 class=\"wp-block-heading\">Data retention<\/h2>\n\n\n\n<p>Los datos personales proporcionados se conservar\u00e1n durante el tiempo necesario para cumplir<br>con la finalidad para la que se recaban y llegado el caso para determinar las posibles<br>responsabilidades que se pudieran derivar de la finalidad, adem\u00e1s de los per\u00edodos establecidos en<br>la normativa de archivos y documentaci\u00f3n.<\/p>\n\n\n\n<h2 class=\"wp-block-heading\">Data communication<\/h2>\n\n\n\n<p class=\"translation-block\">In general, personal data will not be communicated to third parties, except where legally required,<br>which may include communications to the Ombudsman, Judges and Courts, and the persons interested in the proceedings related to the claims submitted.<\/p>\n\n\n\n<h2 class=\"wp-block-heading\">Rights of interested parties<\/h2>\n\n\n\n<p class=\"translation-block\">Everyone has the right to obtain confirmation regarding the processing of their data by the organizing institutions. They may exercise their rights of access, rectification, erasure, and portability of their data, as well as their rights to restrict and object to its processing, and the right not to be subject to decisions based solely on automated processing of their data, where applicable, by writing to any of the organizing institutions. The exercise of data protection rights must be submitted in any of the forms provided for in Article 16.4 of Law 39\/2015, of October 1, on the Common Administrative Procedure of Public Administrations.<\/p>","protected":false},"excerpt":{"rendered":"<p>Este Sitio Web es una creaci\u00f3n de las instituciones granadinas que integran la Declaraci\u00f3n por elempleo en Granada (en adelante, las instituciones organizadoras) destinada a ofrecer informaci\u00f3na las personas usuarias del mismo sobre sus contenidos y servicios, as\u00ed como ofrecer un canal decomunicaci\u00f3n entre empresas participantes, visitantes, participantes en eventos, organizadores,etc. Conforme al Reglamento General [&hellip;]<\/p>","protected":false},"author":1,"featured_media":0,"parent":0,"menu_order":9,"comment_status":"closed","ping_status":"closed","template":"","meta":{"footnotes":""},"class_list":["post-3","page","type-page","status-publish","hentry"],"yoast_head":"<!-- This site is optimized with the Yoast SEO plugin v27.6 - https:\/\/yoast.com\/product\/yoast-seo-wordpress\/ -->\n<title>Pol\u00edtica de privacidad - Feria Internacional de Empleo de Granada<\/title>\n<meta name=\"robots\" content=\"index, follow, max-snippet:-1, max-image-preview:large, max-video-preview:-1\" \/>\n<link rel=\"canonical\" href=\"https:\/\/feriaempleogranada.org\/en\/politica-privacidad\/\" \/>\n<meta property=\"og:locale\" content=\"en_GB\" \/>\n<meta property=\"og:type\" content=\"article\" \/>\n<meta property=\"og:title\" content=\"Pol\u00edtica de privacidad - Feria Internacional de Empleo de Granada\" \/>\n<meta property=\"og:description\" content=\"Este Sitio Web es una creaci\u00f3n de las instituciones granadinas que integran la Declaraci\u00f3n por elempleo en Granada (en adelante, las instituciones organizadoras) destinada a ofrecer informaci\u00f3na las personas usuarias del mismo sobre sus contenidos y servicios, as\u00ed como ofrecer un canal decomunicaci\u00f3n entre empresas participantes, visitantes, participantes en eventos, organizadores,etc. Conforme al Reglamento General [&hellip;]\" \/>\n<meta property=\"og:url\" content=\"https:\/\/feriaempleogranada.org\/en\/politica-privacidad\/\" \/>\n<meta property=\"og:site_name\" content=\"Feria Internacional de Empleo de Granada\" \/>\n<meta property=\"article:modified_time\" content=\"2023-03-23T07:53:45+00:00\" \/>\n<meta name=\"twitter:card\" content=\"summary_large_image\" \/>\n<meta name=\"twitter:label1\" content=\"Estimated reading time\" \/>\n\t<meta name=\"twitter:data1\" content=\"3 minutes\" \/>\n<script type=\"application\/ld+json\" class=\"yoast-schema-graph\">{\"@context\":\"https:\\\/\\\/schema.org\",\"@graph\":[{\"@type\":\"WebPage\",\"@id\":\"https:\\\/\\\/feriaempleogranada.org\\\/politica-privacidad\\\/\",\"url\":\"https:\\\/\\\/feriaempleogranada.org\\\/politica-privacidad\\\/\",\"name\":\"Pol\u00edtica de privacidad - Feria Internacional de Empleo de Granada\",\"isPartOf\":{\"@id\":\"https:\\\/\\\/feriaempleogranada.org\\\/#website\"},\"datePublished\":\"2022-11-17T08:45:19+00:00\",\"dateModified\":\"2023-03-23T07:53:45+00:00\",\"breadcrumb\":{\"@id\":\"https:\\\/\\\/feriaempleogranada.org\\\/politica-privacidad\\\/#breadcrumb\"},\"inLanguage\":\"en-GB\",\"potentialAction\":[{\"@type\":\"ReadAction\",\"target\":[\"https:\\\/\\\/feriaempleogranada.org\\\/politica-privacidad\\\/\"]}]},{\"@type\":\"BreadcrumbList\",\"@id\":\"https:\\\/\\\/feriaempleogranada.org\\\/politica-privacidad\\\/#breadcrumb\",\"itemListElement\":[{\"@type\":\"ListItem\",\"position\":1,\"name\":\"Portada\",\"item\":\"https:\\\/\\\/feriaempleogranada.org\\\/\"},{\"@type\":\"ListItem\",\"position\":2,\"name\":\"Pol\u00edtica de privacidad\"}]},{\"@type\":\"WebSite\",\"@id\":\"https:\\\/\\\/feriaempleogranada.org\\\/#website\",\"url\":\"https:\\\/\\\/feriaempleogranada.org\\\/\",\"name\":\"Feria Internacional de Empleo de Granada\",\"description\":\"Meeting Point - Feria de Empleo\",\"publisher\":{\"@id\":\"https:\\\/\\\/feriaempleogranada.org\\\/#organization\"},\"potentialAction\":[{\"@type\":\"SearchAction\",\"target\":{\"@type\":\"EntryPoint\",\"urlTemplate\":\"https:\\\/\\\/feriaempleogranada.org\\\/?s={search_term_string}\"},\"query-input\":{\"@type\":\"PropertyValueSpecification\",\"valueRequired\":true,\"valueName\":\"search_term_string\"}}],\"inLanguage\":\"en-GB\"},{\"@type\":\"Organization\",\"@id\":\"https:\\\/\\\/feriaempleogranada.org\\\/#organization\",\"name\":\"Feria Internacional de Empleo de Granada\",\"url\":\"https:\\\/\\\/feriaempleogranada.org\\\/\",\"logo\":{\"@type\":\"ImageObject\",\"inLanguage\":\"en-GB\",\"@id\":\"https:\\\/\\\/feriaempleogranada.org\\\/#\\\/schema\\\/logo\\\/image\\\/\",\"url\":\"https:\\\/\\\/feriaempleogranada.org\\\/wp-content\\\/uploads\\\/2024\\\/11\\\/cropped-FIEG_LOGO.png\",\"contentUrl\":\"https:\\\/\\\/feriaempleogranada.org\\\/wp-content\\\/uploads\\\/2024\\\/11\\\/cropped-FIEG_LOGO.png\",\"width\":512,\"height\":512,\"caption\":\"Feria Internacional de Empleo de Granada\"},\"image\":{\"@id\":\"https:\\\/\\\/feriaempleogranada.org\\\/#\\\/schema\\\/logo\\\/image\\\/\"}}]}<\/script>\n<!-- \/ Yoast SEO plugin. -->","yoast_head_json":{"title":"Pol\u00edtica de privacidad - Feria Internacional de Empleo de Granada","robots":{"index":"index","follow":"follow","max-snippet":"max-snippet:-1","max-image-preview":"max-image-preview:large","max-video-preview":"max-video-preview:-1"},"canonical":"https:\/\/feriaempleogranada.org\/en\/politica-privacidad\/","og_locale":"en_GB","og_type":"article","og_title":"Pol\u00edtica de privacidad - Feria Internacional de Empleo de Granada","og_description":"Este Sitio Web es una creaci\u00f3n de las instituciones granadinas que integran la Declaraci\u00f3n por elempleo en Granada (en adelante, las instituciones organizadoras) destinada a ofrecer informaci\u00f3na las personas usuarias del mismo sobre sus contenidos y servicios, as\u00ed como ofrecer un canal decomunicaci\u00f3n entre empresas participantes, visitantes, participantes en eventos, organizadores,etc. Conforme al Reglamento General [&hellip;]","og_url":"https:\/\/feriaempleogranada.org\/en\/politica-privacidad\/","og_site_name":"Feria Internacional de Empleo de Granada","article_modified_time":"2023-03-23T07:53:45+00:00","twitter_card":"summary_large_image","twitter_misc":{"Estimated reading time":"3 minutes"},"schema":{"@context":"https:\/\/schema.org","@graph":[{"@type":"WebPage","@id":"https:\/\/feriaempleogranada.org\/politica-privacidad\/","url":"https:\/\/feriaempleogranada.org\/politica-privacidad\/","name":"Pol\u00edtica de privacidad - Feria Internacional de Empleo de Granada","isPartOf":{"@id":"https:\/\/feriaempleogranada.org\/#website"},"datePublished":"2022-11-17T08:45:19+00:00","dateModified":"2023-03-23T07:53:45+00:00","breadcrumb":{"@id":"https:\/\/feriaempleogranada.org\/politica-privacidad\/#breadcrumb"},"inLanguage":"en-GB","potentialAction":[{"@type":"ReadAction","target":["https:\/\/feriaempleogranada.org\/politica-privacidad\/"]}]},{"@type":"BreadcrumbList","@id":"https:\/\/feriaempleogranada.org\/politica-privacidad\/#breadcrumb","itemListElement":[{"@type":"ListItem","position":1,"name":"Portada","item":"https:\/\/feriaempleogranada.org\/"},{"@type":"ListItem","position":2,"name":"Pol\u00edtica de privacidad"}]},{"@type":"WebSite","@id":"https:\/\/feriaempleogranada.org\/#website","url":"https:\/\/feriaempleogranada.org\/","name":"Feria Internacional de Empleo de Granada","description":"Meeting Point - Feria de Empleo","publisher":{"@id":"https:\/\/feriaempleogranada.org\/#organization"},"potentialAction":[{"@type":"SearchAction","target":{"@type":"EntryPoint","urlTemplate":"https:\/\/feriaempleogranada.org\/?s={search_term_string}"},"query-input":{"@type":"PropertyValueSpecification","valueRequired":true,"valueName":"search_term_string"}}],"inLanguage":"en-GB"},{"@type":"Organization","@id":"https:\/\/feriaempleogranada.org\/#organization","name":"Feria Internacional de Empleo de Granada","url":"https:\/\/feriaempleogranada.org\/","logo":{"@type":"ImageObject","inLanguage":"en-GB","@id":"https:\/\/feriaempleogranada.org\/#\/schema\/logo\/image\/","url":"https:\/\/feriaempleogranada.org\/wp-content\/uploads\/2024\/11\/cropped-FIEG_LOGO.png","contentUrl":"https:\/\/feriaempleogranada.org\/wp-content\/uploads\/2024\/11\/cropped-FIEG_LOGO.png","width":512,"height":512,"caption":"Feria Internacional de Empleo de Granada"},"image":{"@id":"https:\/\/feriaempleogranada.org\/#\/schema\/logo\/image\/"}}]}},"_links":{"self":[{"href":"https:\/\/feriaempleogranada.org\/en\/wp-json\/wp\/v2\/pages\/3","targetHints":{"allow":["GET"]}}],"collection":[{"href":"https:\/\/feriaempleogranada.org\/en\/wp-json\/wp\/v2\/pages"}],"about":[{"href":"https:\/\/feriaempleogranada.org\/en\/wp-json\/wp\/v2\/types\/page"}],"author":[{"embeddable":true,"href":"https:\/\/feriaempleogranada.org\/en\/wp-json\/wp\/v2\/users\/1"}],"replies":[{"embeddable":true,"href":"https:\/\/feriaempleogranada.org\/en\/wp-json\/wp\/v2\/comments?post=3"}],"version-history":[{"count":3,"href":"https:\/\/feriaempleogranada.org\/en\/wp-json\/wp\/v2\/pages\/3\/revisions"}],"predecessor-version":[{"id":533,"href":"https:\/\/feriaempleogranada.org\/en\/wp-json\/wp\/v2\/pages\/3\/revisions\/533"}],"wp:attachment":[{"href":"https:\/\/feriaempleogranada.org\/en\/wp-json\/wp\/v2\/media?parent=3"}],"curies":[{"name":"wp","href":"https:\/\/api.w.org\/{rel}","templated":true}]}}