{"id":3412,"date":"2026-04-10T09:38:55","date_gmt":"2026-04-10T08:38:55","guid":{"rendered":"https:\/\/feriaempleogranada.org\/?page_id=3412"},"modified":"2026-04-10T12:50:47","modified_gmt":"2026-04-10T11:50:47","slug":"pasaporte-al-talento","status":"publish","type":"page","link":"https:\/\/feriaempleogranada.org\/en\/pasaporte-al-talento\/","title":{"rendered":"Pasaporte al Talento"},"content":{"rendered":"<div data-elementor-type=\"wp-page\" data-elementor-id=\"3412\" class=\"elementor elementor-3412\" data-elementor-post-type=\"page\">\n\t\t\t\t\t\t<section class=\"elementor-section elementor-top-section elementor-element elementor-element-09d92b3 elementor-section-boxed elementor-section-height-default elementor-section-height-default\" data-id=\"09d92b3\" data-element_type=\"section\" data-e-type=\"section\" data-settings=\"{&quot;jet_parallax_layout_list&quot;:[]}\">\n\t\t\t\t\t\t<div class=\"elementor-container elementor-column-gap-default\">\n\t\t\t\t\t<div class=\"elementor-column elementor-col-100 elementor-top-column elementor-element elementor-element-8135b17\" data-id=\"8135b17\" data-element_type=\"column\" data-e-type=\"column\">\n\t\t\t<div class=\"elementor-widget-wrap elementor-element-populated\">\n\t\t\t\t\t\t<div class=\"elementor-element elementor-element-071331b elementor-widget elementor-widget-html\" data-id=\"071331b\" data-element_type=\"widget\" data-e-type=\"widget\" data-widget_type=\"html.default\">\n\t\t\t\t<div class=\"elementor-widget-container\">\n\t\t\t\t\t<div class=\"feria-wrap\">\r\n\r\n  <!-- HERO -->\r\n  <div class=\"hero\">\r\n    <div class=\"hero-text\">\r\n      <h1>Pasaporte al Talento<\/h1>\r\n      <p>\u00bfTodav\u00eda no te has inscrito para la Feria Internacional de Empleo de Granada? Este a\u00f1o lanzamos el Reto Pasaporte al Talento, la Feria no es s\u00f3lo un evento,  es tu oportunidad para dar el salto,mejorar tu empleabilidad y conseguir (Talent Tokens) que premian tu proactividad.<\/p>\r\n\r\n<b>\u00bfQu\u00e9 tienes que hacer para ganar?<\/b>\r\n<\/p>\r\n<b>  - Inscr\u00edbete y s\u00edguenos:<\/b> <p>Es el requisito b\u00e1sico para empezar.<\/p>\r\n<b>  - F\u00f3rmate antes del evento:<\/b> <p>Asiste a nuestros webinars los d\u00edas 14, 16 y 22 de abril (Soft Skills, LinkedIn y Entrevistas).<\/p>\r\n<b>  - Supera el Quiz:<\/b> <p>Demuestra lo que sabes antes del gran d\u00eda.<\/p>\r\n<b>  - Gana en el Palacio de Congresos:<\/b> <p>El 23 de abril, suma puntos extra por cada empresa que contactes del sector en el que buscas trabajo, cada charla a la que asistas y por pasar por nuestra \"Orientaci\u00f3n Express\".<\/p>\r\n      <p><strong>Acumula puntos y destaca<\/strong><\/p>\r\n    <\/div><div class=\"hero-img\">\r\n      <img decoding=\"async\" src=\"https:\/\/feriaempleogranada.org\/wp-content\/uploads\/2026\/04\/Chico_Saltando_3-removebg-preview.png\">\r\n    <\/div>\r\n  <\/div>\r\n\r\n  <!-- PROGRESO -->\r\n  <!-- <div class=\"progress-box\">\r\n  <!--  <div class=\"progress-text\">\r\n  <!--    <span>Progreso m\u00e1ximo<\/span>\r\n  <!--      <strong>Hasta 12 puntos<\/strong>\r\n    <!--<\/div>\r\n    <!--<div class=\"progress-bar\">\r\n    <!--  <div class=\"progress-fill\"><\/div>\r\n    <!--<\/div>\r\n  <!--<\/div>\r\n  \r\n  <!-- INTRO -->\r\n  <div class=\"section\">\r\n    <div class=\"card\">\r\n      <p>\r\n        Participa activamente en la feria y convierte cada interacci\u00f3n en una ventaja competitiva.\r\n        Suma <strong>Talent Tokens<\/strong> y demuestra tu proactividad.\r\n      <\/p>\r\n    <\/div>\r\n  <\/div>\r\n\r\n  <!-- ANTES -->\r\n  <div class=\"section\">\r\n    <h2>Antes del evento<\/h2>\r\n    <div class=\"grid\">\r\n\r\n     <div class=\"card points\">\r\n  <div class=\"num\">01<\/div>\r\n\r\n\r\n    <h3>Webinars<\/h3>\r\n    <p>Entrena Tus Competencias<\/p>\r\n    <div class=\"badge\">+2 Talent Tokens<\/div>\r\n\r\n\r\n  <\/div>\r\n      <div class=\"card\">\r\n        <h3>Calendario de Webinars<\/h3>\r\n        <p>\r\n          14\/04 \u2013 Soft Skills<br>\r\n          16\/04 \u2013 LinkedIn<br>\r\n          22\/04 \u2013 Entrevistas\r\n        <\/p>\r\n      <\/div>\r\n      <div class=\"card points\"><div class=\"num\">02<\/div>\r\n        <h3>Quiz<\/h3>\r\n        <p>Entrena Tu Talento<\/p>\r\n        <div class=\"badge\">+3 Talen Tokens<\/div>\r\n      <\/div>\r\n\r\n\r\n\r\n    <\/div>\r\n  <\/div>\r\n\r\n  <!-- DURANTE -->\r\n  <div class=\"section\">\r\n    <h2>Durante la feria<\/h2>\r\n    <div class=\"grid\">\r\n\r\n      <div class=\"card points\"><div class=\"num\">03<\/div>\r\n        <h3>Empresas<\/h3>\r\n        <p>Explora tu sector<\/p>\r\n        <div class=\"badge\">+2 Talent Tokens<\/div>\r\n      <\/div>\r\n\r\n      <div class=\"card points\"><div class=\"num\">04<\/div>\r\n        <h3>Networking Pro<\/h3>\r\n        <p>Stands clave<\/p>\r\n        <div class=\"badge\">+1 Talent Tokens<\/div>\r\n      <\/div>\r\n\r\n      <div class=\"card points\"><div class=\"num\">05<\/div>\r\n        <h3>Asesor\u00eda Flash<\/h3>\r\n        <p>Orientaci\u00f3n express<\/p>\r\n        <div class=\"badge\">+1 Talent Tokens<\/div>\r\n      <\/div>\r\n\r\n      <div class=\"card points\"><div class=\"num\">06<\/div>\r\n        <h3>Asistencia a sesiones y charlas<\/h3>\r\n        <p>Participa en salas<\/p>\r\n        <div class=\"badge\">+ Talent Tokens<\/div>\r\n      <\/div>\r\n\r\n    <\/div>\r\n  <\/div>\r\n\r\n  <!-- OBJETIVO -->\r\n  <div class=\"goal-box\">\r\n    <h2>Objetivo<\/h2>\r\n    <p>Completa el recorrido, suma el m\u00e1ximo de Talent Tokens y posiciona tu perfil frente a las empresas.<\/p>\r\n  <\/div>\r\n\r\n  <!-- FINAL -->\r\n  <div class=\"final\">\r\n    <h2>CL\u00c1USULA DE PARTICIPACI\u00d3N Y DIN\u00c1MICA<\/h2>\r\n    <p>La participaci\u00f3n en este sistema de gamificaci\u00f3n es voluntaria y tiene como \u00fanico fin incentivar la proactividad de los asistentes en la FIEG26. Los Talent Tokens obtenidos no tienen valor de mercado, sino que sirven para acceder a los beneficios o reconocimientos que la organizaci\u00f3n determine al finalizar la jornada. La organizaci\u00f3n se reserva el derecho de verificar la realizaci\u00f3n efectiva de las actividades para validar los Talent Tokens.<\/p>\r\n  <\/div>\r\n\r\n<\/div>\t\t\t\t<\/div>\n\t\t\t\t<\/div>\n\t\t\t\t\t<\/div>\n\t\t<\/div>\n\t\t\t\t\t<\/div>\n\t\t<\/section>\n\t\t\t\t<\/div>","protected":false},"excerpt":{"rendered":"<p>Pasaporte al Talento \u00bfTodav\u00eda no te has inscrito para la Feria Internacional de Empleo de Granada? Este a\u00f1o lanzamos el Reto Pasaporte al Talento, la Feria no es s\u00f3lo un evento, es tu oportunidad para dar el salto,mejorar tu empleabilidad y conseguir (Talent Tokens) que premian tu proactividad. \u00bfQu\u00e9 tienes que hacer para ganar? &#8211; [&hellip;]<\/p>","protected":false},"author":4,"featured_media":0,"parent":0,"menu_order":0,"comment_status":"closed","ping_status":"closed","template":"","meta":{"footnotes":""},"class_list":["post-3412","page","type-page","status-publish","hentry"],"yoast_head":"<!-- This site is optimized with the Yoast SEO plugin v27.3 - https:\/\/yoast.com\/product\/yoast-seo-wordpress\/ -->\n<title>Pasaporte al Talento - Feria Internacional de Empleo de Granada<\/title>\n<meta name=\"robots\" content=\"index, follow, max-snippet:-1, max-image-preview:large, max-video-preview:-1\" \/>\n<link rel=\"canonical\" href=\"https:\/\/feriaempleogranada.org\/en\/pasaporte-al-talento\/\" \/>\n<meta property=\"og:locale\" content=\"en_GB\" \/>\n<meta property=\"og:type\" content=\"article\" \/>\n<meta property=\"og:title\" content=\"Pasaporte al Talento - Feria Internacional de Empleo de Granada\" \/>\n<meta property=\"og:description\" content=\"Pasaporte al Talento \u00bfTodav\u00eda no te has inscrito para la Feria Internacional de Empleo de Granada? Este a\u00f1o lanzamos el Reto Pasaporte al Talento, la Feria no es s\u00f3lo un evento, es tu oportunidad para dar el salto,mejorar tu empleabilidad y conseguir (Talent Tokens) que premian tu proactividad. \u00bfQu\u00e9 tienes que hacer para ganar? &#8211; [&hellip;]\" \/>\n<meta property=\"og:url\" content=\"https:\/\/feriaempleogranada.org\/en\/pasaporte-al-talento\/\" \/>\n<meta property=\"og:site_name\" content=\"Feria Internacional de Empleo de Granada\" \/>\n<meta property=\"article:modified_time\" content=\"2026-04-10T11:50:47+00:00\" \/>\n<meta property=\"og:image\" content=\"https:\/\/feriaempleogranada.org\/wp-content\/uploads\/2026\/04\/Chico_Saltando_3-removebg-preview.png\" \/>\n<meta name=\"twitter:card\" content=\"summary_large_image\" \/>\n<meta name=\"twitter:label1\" content=\"Estimated reading time\" \/>\n\t<meta name=\"twitter:data1\" content=\"2 minutes\" \/>\n<script type=\"application\/ld+json\" class=\"yoast-schema-graph\">{\"@context\":\"https:\\\/\\\/schema.org\",\"@graph\":[{\"@type\":\"WebPage\",\"@id\":\"https:\\\/\\\/feriaempleogranada.org\\\/pasaporte-al-talento\\\/\",\"url\":\"https:\\\/\\\/feriaempleogranada.org\\\/pasaporte-al-talento\\\/\",\"name\":\"Pasaporte al Talento - Feria Internacional de Empleo de Granada\",\"isPartOf\":{\"@id\":\"https:\\\/\\\/feriaempleogranada.org\\\/#website\"},\"primaryImageOfPage\":{\"@id\":\"https:\\\/\\\/feriaempleogranada.org\\\/pasaporte-al-talento\\\/#primaryimage\"},\"image\":{\"@id\":\"https:\\\/\\\/feriaempleogranada.org\\\/pasaporte-al-talento\\\/#primaryimage\"},\"thumbnailUrl\":\"https:\\\/\\\/feriaempleogranada.org\\\/wp-content\\\/uploads\\\/2026\\\/04\\\/Chico_Saltando_3-removebg-preview.png\",\"datePublished\":\"2026-04-10T08:38:55+00:00\",\"dateModified\":\"2026-04-10T11:50:47+00:00\",\"breadcrumb\":{\"@id\":\"https:\\\/\\\/feriaempleogranada.org\\\/pasaporte-al-talento\\\/#breadcrumb\"},\"inLanguage\":\"en-GB\",\"potentialAction\":[{\"@type\":\"ReadAction\",\"target\":[\"https:\\\/\\\/feriaempleogranada.org\\\/pasaporte-al-talento\\\/\"]}]},{\"@type\":\"ImageObject\",\"inLanguage\":\"en-GB\",\"@id\":\"https:\\\/\\\/feriaempleogranada.org\\\/pasaporte-al-talento\\\/#primaryimage\",\"url\":\"https:\\\/\\\/feriaempleogranada.org\\\/wp-content\\\/uploads\\\/2026\\\/04\\\/Chico_Saltando_3-removebg-preview.png\",\"contentUrl\":\"https:\\\/\\\/feriaempleogranada.org\\\/wp-content\\\/uploads\\\/2026\\\/04\\\/Chico_Saltando_3-removebg-preview.png\"},{\"@type\":\"BreadcrumbList\",\"@id\":\"https:\\\/\\\/feriaempleogranada.org\\\/pasaporte-al-talento\\\/#breadcrumb\",\"itemListElement\":[{\"@type\":\"ListItem\",\"position\":1,\"name\":\"Portada\",\"item\":\"https:\\\/\\\/feriaempleogranada.org\\\/\"},{\"@type\":\"ListItem\",\"position\":2,\"name\":\"Pasaporte al Talento\"}]},{\"@type\":\"WebSite\",\"@id\":\"https:\\\/\\\/feriaempleogranada.org\\\/#website\",\"url\":\"https:\\\/\\\/feriaempleogranada.org\\\/\",\"name\":\"Feria Internacional de Empleo de Granada\",\"description\":\"Meeting Point - Feria de Empleo\",\"publisher\":{\"@id\":\"https:\\\/\\\/feriaempleogranada.org\\\/#organization\"},\"potentialAction\":[{\"@type\":\"SearchAction\",\"target\":{\"@type\":\"EntryPoint\",\"urlTemplate\":\"https:\\\/\\\/feriaempleogranada.org\\\/?s={search_term_string}\"},\"query-input\":{\"@type\":\"PropertyValueSpecification\",\"valueRequired\":true,\"valueName\":\"search_term_string\"}}],\"inLanguage\":\"en-GB\"},{\"@type\":\"Organization\",\"@id\":\"https:\\\/\\\/feriaempleogranada.org\\\/#organization\",\"name\":\"Feria Internacional de Empleo de Granada\",\"url\":\"https:\\\/\\\/feriaempleogranada.org\\\/\",\"logo\":{\"@type\":\"ImageObject\",\"inLanguage\":\"en-GB\",\"@id\":\"https:\\\/\\\/feriaempleogranada.org\\\/#\\\/schema\\\/logo\\\/image\\\/\",\"url\":\"https:\\\/\\\/feriaempleogranada.org\\\/wp-content\\\/uploads\\\/2024\\\/11\\\/cropped-FIEG_LOGO.png\",\"contentUrl\":\"https:\\\/\\\/feriaempleogranada.org\\\/wp-content\\\/uploads\\\/2024\\\/11\\\/cropped-FIEG_LOGO.png\",\"width\":512,\"height\":512,\"caption\":\"Feria Internacional de Empleo de Granada\"},\"image\":{\"@id\":\"https:\\\/\\\/feriaempleogranada.org\\\/#\\\/schema\\\/logo\\\/image\\\/\"}}]}<\/script>\n<!-- \/ Yoast SEO plugin. -->","yoast_head_json":{"title":"Pasaporte al Talento - Feria Internacional de Empleo de Granada","robots":{"index":"index","follow":"follow","max-snippet":"max-snippet:-1","max-image-preview":"max-image-preview:large","max-video-preview":"max-video-preview:-1"},"canonical":"https:\/\/feriaempleogranada.org\/en\/pasaporte-al-talento\/","og_locale":"en_GB","og_type":"article","og_title":"Pasaporte al Talento - Feria Internacional de Empleo de Granada","og_description":"Pasaporte al Talento \u00bfTodav\u00eda no te has inscrito para la Feria Internacional de Empleo de Granada? Este a\u00f1o lanzamos el Reto Pasaporte al Talento, la Feria no es s\u00f3lo un evento, es tu oportunidad para dar el salto,mejorar tu empleabilidad y conseguir (Talent Tokens) que premian tu proactividad. \u00bfQu\u00e9 tienes que hacer para ganar? &#8211; [&hellip;]","og_url":"https:\/\/feriaempleogranada.org\/en\/pasaporte-al-talento\/","og_site_name":"Feria Internacional de Empleo de Granada","article_modified_time":"2026-04-10T11:50:47+00:00","og_image":[{"url":"https:\/\/feriaempleogranada.org\/wp-content\/uploads\/2026\/04\/Chico_Saltando_3-removebg-preview.png","type":"","width":"","height":""}],"twitter_card":"summary_large_image","twitter_misc":{"Estimated reading time":"2 minutes"},"schema":{"@context":"https:\/\/schema.org","@graph":[{"@type":"WebPage","@id":"https:\/\/feriaempleogranada.org\/pasaporte-al-talento\/","url":"https:\/\/feriaempleogranada.org\/pasaporte-al-talento\/","name":"Pasaporte al Talento - Feria Internacional de Empleo de Granada","isPartOf":{"@id":"https:\/\/feriaempleogranada.org\/#website"},"primaryImageOfPage":{"@id":"https:\/\/feriaempleogranada.org\/pasaporte-al-talento\/#primaryimage"},"image":{"@id":"https:\/\/feriaempleogranada.org\/pasaporte-al-talento\/#primaryimage"},"thumbnailUrl":"https:\/\/feriaempleogranada.org\/wp-content\/uploads\/2026\/04\/Chico_Saltando_3-removebg-preview.png","datePublished":"2026-04-10T08:38:55+00:00","dateModified":"2026-04-10T11:50:47+00:00","breadcrumb":{"@id":"https:\/\/feriaempleogranada.org\/pasaporte-al-talento\/#breadcrumb"},"inLanguage":"en-GB","potentialAction":[{"@type":"ReadAction","target":["https:\/\/feriaempleogranada.org\/pasaporte-al-talento\/"]}]},{"@type":"ImageObject","inLanguage":"en-GB","@id":"https:\/\/feriaempleogranada.org\/pasaporte-al-talento\/#primaryimage","url":"https:\/\/feriaempleogranada.org\/wp-content\/uploads\/2026\/04\/Chico_Saltando_3-removebg-preview.png","contentUrl":"https:\/\/feriaempleogranada.org\/wp-content\/uploads\/2026\/04\/Chico_Saltando_3-removebg-preview.png"},{"@type":"BreadcrumbList","@id":"https:\/\/feriaempleogranada.org\/pasaporte-al-talento\/#breadcrumb","itemListElement":[{"@type":"ListItem","position":1,"name":"Portada","item":"https:\/\/feriaempleogranada.org\/"},{"@type":"ListItem","position":2,"name":"Pasaporte al Talento"}]},{"@type":"WebSite","@id":"https:\/\/feriaempleogranada.org\/#website","url":"https:\/\/feriaempleogranada.org\/","name":"Feria Internacional de Empleo de Granada","description":"Meeting Point - Feria de Empleo","publisher":{"@id":"https:\/\/feriaempleogranada.org\/#organization"},"potentialAction":[{"@type":"SearchAction","target":{"@type":"EntryPoint","urlTemplate":"https:\/\/feriaempleogranada.org\/?s={search_term_string}"},"query-input":{"@type":"PropertyValueSpecification","valueRequired":true,"valueName":"search_term_string"}}],"inLanguage":"en-GB"},{"@type":"Organization","@id":"https:\/\/feriaempleogranada.org\/#organization","name":"Feria Internacional de Empleo de Granada","url":"https:\/\/feriaempleogranada.org\/","logo":{"@type":"ImageObject","inLanguage":"en-GB","@id":"https:\/\/feriaempleogranada.org\/#\/schema\/logo\/image\/","url":"https:\/\/feriaempleogranada.org\/wp-content\/uploads\/2024\/11\/cropped-FIEG_LOGO.png","contentUrl":"https:\/\/feriaempleogranada.org\/wp-content\/uploads\/2024\/11\/cropped-FIEG_LOGO.png","width":512,"height":512,"caption":"Feria Internacional de Empleo de Granada"},"image":{"@id":"https:\/\/feriaempleogranada.org\/#\/schema\/logo\/image\/"}}]}},"_links":{"self":[{"href":"https:\/\/feriaempleogranada.org\/en\/wp-json\/wp\/v2\/pages\/3412","targetHints":{"allow":["GET"]}}],"collection":[{"href":"https:\/\/feriaempleogranada.org\/en\/wp-json\/wp\/v2\/pages"}],"about":[{"href":"https:\/\/feriaempleogranada.org\/en\/wp-json\/wp\/v2\/types\/page"}],"author":[{"embeddable":true,"href":"https:\/\/feriaempleogranada.org\/en\/wp-json\/wp\/v2\/users\/4"}],"replies":[{"embeddable":true,"href":"https:\/\/feriaempleogranada.org\/en\/wp-json\/wp\/v2\/comments?post=3412"}],"version-history":[{"count":52,"href":"https:\/\/feriaempleogranada.org\/en\/wp-json\/wp\/v2\/pages\/3412\/revisions"}],"predecessor-version":[{"id":3513,"href":"https:\/\/feriaempleogranada.org\/en\/wp-json\/wp\/v2\/pages\/3412\/revisions\/3513"}],"wp:attachment":[{"href":"https:\/\/feriaempleogranada.org\/en\/wp-json\/wp\/v2\/media?parent=3412"}],"curies":[{"name":"wp","href":"https:\/\/api.w.org\/{rel}","templated":true}]}}